{"id":2716,"date":"2017-09-24T19:21:03","date_gmt":"2017-09-24T19:21:03","guid":{"rendered":"http:\/\/cordonheavy.com\/web\/?page_id=2716"},"modified":"2018-01-16T11:27:15","modified_gmt":"2018-01-16T17:27:15","slug":"historia","status":"publish","type":"page","link":"https:\/\/cordonheavy.com\/web\/?page_id=2716","title":{"rendered":"HISTORIA"},"content":{"rendered":"<p>[vc_row][vc_column][vc_column_text]<b><img decoding=\"async\" loading=\"lazy\" class=\"size-medium wp-image-2715 alignleft\" src=\"http:\/\/cordonheavy.com\/web\/wp-content\/uploads\/2017\/09\/97fd294a-4b02-47e4-902b-05af28ba16a2-large-300x200.png\" alt=\"\" width=\"300\" height=\"200\" srcset=\"https:\/\/cordonheavy.com\/web\/wp-content\/uploads\/2017\/09\/97fd294a-4b02-47e4-902b-05af28ba16a2-large-300x200.png 300w, https:\/\/cordonheavy.com\/web\/wp-content\/uploads\/2017\/09\/97fd294a-4b02-47e4-902b-05af28ba16a2-large.png 401w\" sizes=\"(max-width: 300px) 100vw, 300px\" \/><\/b><span style=\"vertical-align: inherit;\"><span style=\"vertical-align: inherit;\"><span style=\"vertical-align: inherit;\"><span style=\"vertical-align: inherit;\"><b><span style=\"vertical-align: inherit;\"><span style=\"vertical-align: inherit;\">El 4 de Julio de 1995, se funda la empresa, con el objeto de brindar servicios de construcci\u00f3n con equipo pesado. <\/span><\/span><\/b><\/span><\/span><\/span><span style=\"vertical-align: inherit;\"><span style=\"vertical-align: inherit;\"><span style=\"vertical-align: inherit;\"><span style=\"vertical-align: inherit;\"><span style=\"vertical-align: inherit;\">En sus inicios los proyectos consist\u00edan en desmonte y nivelaci\u00f3n de tierras, construcci\u00f3n de diques, canalizaciones, apertura y mantenimiento de caminos rurales, etc.<\/span><\/span><\/span><\/span><\/span><\/span><\/p>\n<p><span style=\"vertical-align: inherit;\"><span style=\"vertical-align: inherit;\"><span style=\"vertical-align: inherit;\"><span style=\"vertical-align: inherit;\"><span style=\"vertical-align: inherit;\"><span style=\"vertical-align: inherit;\">En los a\u00f1os siguientes la empresa ampli\u00f3 sus operaciones e incluy\u00f3 el transporte masivo en rastras, trailetas y volquetas para transporte de materias primas a la industria cementera. <\/span><\/span><\/span><\/span><\/span><span style=\"vertical-align: inherit;\"><span style=\"vertical-align: inherit;\"><span style=\"vertical-align: inherit;\"><span style=\"vertical-align: inherit;\"><span style=\"vertical-align: inherit;\">En 1997, el programa de expansi\u00f3n de la industria cementera en Honduras brind\u00f3 la oportunidad de ser proveedor en las operaciones de explotaci\u00f3n de canteras, que con el paso del tiempo pas\u00f3 a ser uno de los principales clientes de Cord\u00f3n&#8217;s Heavy Equipment.<\/span><\/span><\/span><\/span><\/span><\/span><\/p>\n<p><span style=\"vertical-align: inherit;\"><span style=\"vertical-align: inherit;\"><span style=\"vertical-align: inherit;\"><span style=\"vertical-align: inherit;\"><span style=\"vertical-align: inherit;\"><span style=\"vertical-align: inherit;\">Luego del efecto devastador del Hurac\u00e1n Mitch (1998) en el norte de Honduras, los proyectos de reconstrucci\u00f3n de la empresa privada y del gobierno se convirtieron en oportunidades para brindar servicios importantes de drenaje y canales, reparaci\u00f3n y construcci\u00f3n de obras de protecci\u00f3n contra inundaci\u00f3n, apertura y reparaci\u00f3n de caminos, que por las condiciones de emergencia y confiabilidad en su ejecuci\u00f3n fueron contratadas a Cordon\u00b4s Heavy Equipment, como el Canal Maya, y otras importantes obras\u00a0 contratadas por la Comisi\u00f3n del Valle de Sula, la municipalidad de San Pedro Sula, Chiquita Brands International entre otras.<\/span><\/span><\/span><\/span><\/span><\/span><\/p>\n<p><span style=\"vertical-align: inherit;\"><span style=\"vertical-align: inherit;\"><span style=\"vertical-align: inherit;\"><span style=\"vertical-align: inherit;\"><span style=\"vertical-align: inherit;\"><span style=\"vertical-align: inherit;\">Para el a\u00f1o 2000, en su constante proceso de crecimiento, la empresa expandi\u00f3 sus operaciones con la adquisici\u00f3n de equipo para miner\u00eda: Camiones Articulados, y Cargadoras para reforzar las operaciones en explotaci\u00f3n de canteras.<\/span><\/span><\/span><\/span><\/span><\/span><\/p>\n<p><span style=\"vertical-align: inherit;\"><span style=\"vertical-align: inherit;\"><span style=\"vertical-align: inherit;\"><span style=\"vertical-align: inherit;\"><span style=\"vertical-align: inherit;\"><span style=\"vertical-align: inherit;\">Tambi\u00e9n se precalific\u00f3 para la prestaci\u00f3n de servicios como Contratista Clase A, para el Gobierno de Honduras con la Secretar\u00eda de Obras P\u00fablicas Transporte y Vivienda, con lo que ampl\u00eda sus alcances para la ejecuci\u00f3n de proyectos de pavimentaci\u00f3n, tanto con doble tratamiento superficial, y con concreto hidr\u00e1ulico.<\/span><\/span><\/span><\/span><\/span><\/span><\/p>\n<p><span style=\"vertical-align: inherit;\"><span style=\"vertical-align: inherit;\"><span style=\"vertical-align: inherit;\"><span style=\"vertical-align: inherit;\"><span style=\"vertical-align: inherit;\"><span style=\"vertical-align: inherit;\">Se particip\u00f3 en el proyecto de construcci\u00f3n de la Represa Pirr\u00eds en Costa Rica, y el transporte de materiales a nivel centroamericano.<\/span><\/span><\/span><\/span><\/span><\/span><\/p>\n<p><span style=\"vertical-align: inherit;\"><span style=\"vertical-align: inherit;\"><span style=\"vertical-align: inherit;\"><span style=\"vertical-align: inherit;\"><span style=\"vertical-align: inherit;\"><span style=\"vertical-align: inherit;\">Se adquiri\u00f3 equipo para trituraci\u00f3n, clasificadora de agregados y camiones mezcladores de concreto.<\/span><\/span><\/span><\/span><\/span><\/span><\/p>\n<p style=\"text-align: left;\"><span style=\"vertical-align: inherit;\"><span style=\"vertical-align: inherit;\"><span style=\"vertical-align: inherit;\"><span style=\"vertical-align: inherit;\"><span style=\"vertical-align: inherit;\"><span style=\"vertical-align: inherit;\">Se renov\u00f3 la flota de volquetas, y se adquiri\u00f3 25 tolvas para el transporte de cemento a granel.<\/span><\/span><\/span><\/span><\/span><\/span><\/p>\n<p>[\/vc_column_text][\/vc_column][\/vc_row]<\/p>\n","protected":false},"excerpt":{"rendered":"<p>[vc_row][vc_column][vc_column_text]El 4 de Julio de 1995, se funda la empresa, con el objeto de brindar servicios de construcci\u00f3n con equipo pesado. En sus inicios los proyectos consist\u00edan en desmonte y nivelaci\u00f3n de tierras, construcci\u00f3n de diques, canalizaciones, apertura y mantenimiento de caminos rurales, etc. En los a\u00f1os siguientes la empresa ampli\u00f3 sus operaciones e incluy\u00f3 [&hellip;]<\/p>\n","protected":false},"author":1,"featured_media":0,"parent":0,"menu_order":0,"comment_status":"closed","ping_status":"closed","template":"","meta":{"om_disable_all_campaigns":false},"_links":{"self":[{"href":"https:\/\/cordonheavy.com\/web\/index.php?rest_route=\/wp\/v2\/pages\/2716"}],"collection":[{"href":"https:\/\/cordonheavy.com\/web\/index.php?rest_route=\/wp\/v2\/pages"}],"about":[{"href":"https:\/\/cordonheavy.com\/web\/index.php?rest_route=\/wp\/v2\/types\/page"}],"author":[{"embeddable":true,"href":"https:\/\/cordonheavy.com\/web\/index.php?rest_route=\/wp\/v2\/users\/1"}],"replies":[{"embeddable":true,"href":"https:\/\/cordonheavy.com\/web\/index.php?rest_route=%2Fwp%2Fv2%2Fcomments&post=2716"}],"version-history":[{"count":10,"href":"https:\/\/cordonheavy.com\/web\/index.php?rest_route=\/wp\/v2\/pages\/2716\/revisions"}],"predecessor-version":[{"id":2980,"href":"https:\/\/cordonheavy.com\/web\/index.php?rest_route=\/wp\/v2\/pages\/2716\/revisions\/2980"}],"wp:attachment":[{"href":"https:\/\/cordonheavy.com\/web\/index.php?rest_route=%2Fwp%2Fv2%2Fmedia&parent=2716"}],"curies":[{"name":"wp","href":"https:\/\/api.w.org\/{rel}","templated":true}]}}