{"id":2698,"date":"2017-09-24T19:03:43","date_gmt":"2017-09-24T19:03:43","guid":{"rendered":"http:\/\/cordonheavy.com\/web\/?page_id=2698"},"modified":"2019-04-12T09:36:00","modified_gmt":"2019-04-12T15:36:00","slug":"clientes","status":"publish","type":"page","link":"https:\/\/cordonheavy.com\/web\/?page_id=2698","title":{"rendered":"CLIENTES"},"content":{"rendered":"<p>[vc_row][vc_column width=&#8221;1\/2&#8243; css=&#8221;.vc_custom_1506280433398{border-radius: 1px !important;}&#8221;][vc_empty_space][cms_heading hd_title=&#8221;SECTOR PUBLICO&#8221; cms_template=&#8221;cms_heading&#8211;style2.php&#8221;][vc_empty_space][vc_column_text css_animation=&#8221;fadeIn&#8221;]<\/p>\n<ul>\n<li><span style=\"vertical-align: inherit;\"><span style=\"vertical-align: inherit;\"><span style=\"vertical-align: inherit;\"><span style=\"vertical-align: inherit;\">INSEP (Antes SOPTRAVI)<\/span><\/span><\/span><\/span><\/li>\n<li><span style=\"vertical-align: inherit;\"><span style=\"vertical-align: inherit;\"><span style=\"vertical-align: inherit;\"><span style=\"vertical-align: inherit;\">Fondo Cafetero Hondure\u00f1o<\/span><\/span><\/span><\/span><\/li>\n<li><span style=\"vertical-align: inherit;\"><span style=\"vertical-align: inherit;\"><span style=\"vertical-align: inherit;\"><span style=\"vertical-align: inherit;\">Fondo Hondure\u00f1o de Inversi\u00f3n Social<\/span><\/span><\/span><\/span><\/li>\n<li><span style=\"vertical-align: inherit;\"><span style=\"vertical-align: inherit;\"><span style=\"vertical-align: inherit;\"><span style=\"vertical-align: inherit;\">Comisi\u00f3n del Valle de Sula<\/span><\/span><\/span><\/span><\/li>\n<li><span style=\"vertical-align: inherit;\"><span style=\"vertical-align: inherit;\"><span style=\"vertical-align: inherit;\"><span style=\"vertical-align: inherit;\">Fondo Vial<\/span><\/span><\/span><\/span><\/li>\n<li><span style=\"vertical-align: inherit;\"><span style=\"vertical-align: inherit;\"><span style=\"vertical-align: inherit;\"><span style=\"vertical-align: inherit;\">Municipalidad de San Pedro Sula<\/span><\/span><\/span><\/span><\/li>\n<li><span style=\"vertical-align: inherit;\"><span style=\"vertical-align: inherit;\"><span style=\"vertical-align: inherit;\"><span style=\"vertical-align: inherit;\">Municipalidad de El Progreso<\/span><\/span><\/span><\/span><\/li>\n<li><span style=\"vertical-align: inherit;\"><span style=\"vertical-align: inherit;\"><span style=\"vertical-align: inherit;\"><span style=\"vertical-align: inherit;\">Municipalidad de Santa Rita<\/span><\/span><\/span><\/span><\/li>\n<li><span style=\"vertical-align: inherit;\"><span style=\"vertical-align: inherit;\"><span style=\"vertical-align: inherit;\"><span style=\"vertical-align: inherit;\">Municipalidad de Tela<\/span><\/span><\/span><\/span><\/li>\n<li><span style=\"vertical-align: inherit;\"><span style=\"vertical-align: inherit;\"><span style=\"vertical-align: inherit;\"><span style=\"vertical-align: inherit;\">Fuerzas Armadas de Honduras<\/span><\/span><\/span><\/span><\/li>\n<\/ul>\n<p>[\/vc_column_text][\/vc_column][vc_column width=&#8221;1\/2&#8243; css=&#8221;.vc_custom_1506280455786{border-radius: 1px !important;}&#8221;][vc_empty_space][cms_heading hd_title=&#8221;SECTOR PRIVADO&#8221; cms_template=&#8221;cms_heading&#8211;style2.php&#8221;][vc_empty_space][vc_column_text]<\/p>\n<ul>\n<li><span style=\"vertical-align: inherit;\"><span style=\"vertical-align: inherit;\"><span style=\"vertical-align: inherit;\"><span style=\"vertical-align: inherit;\">Incehsa luego Lafarge Cementos<\/span><\/span><\/span><\/span><\/li>\n<li><span style=\"vertical-align: inherit;\"><span style=\"vertical-align: inherit;\"><span style=\"vertical-align: inherit;\"><span style=\"vertical-align: inherit;\">Compa\u00f1\u00eda Azucarera del Norte SA (AZUNOSA)<\/span><\/span><\/span><\/span><\/li>\n<li><span style=\"vertical-align: inherit;\"><span style=\"vertical-align: inherit;\"><span style=\"vertical-align: inherit;\"><span style=\"vertical-align: inherit;\">Tela Railroad Company Ltd. (Chiquita Brands Intl.)<\/span><\/span><\/span><\/span><\/li>\n<li><span style=\"vertical-align: inherit;\"><span style=\"vertical-align: inherit;\"><span style=\"vertical-align: inherit;\"><span style=\"vertical-align: inherit;\">SKANKA (Gobierno de Suecia)<\/span><\/span><\/span><\/span><\/li>\n<li><span style=\"vertical-align: inherit;\"><span style=\"vertical-align: inherit;\"><span style=\"vertical-align: inherit;\"><span style=\"vertical-align: inherit;\">RODIO SWISSBORING HONDURAS S.A.<\/span><\/span><\/span><\/span><\/li>\n<li><span style=\"vertical-align: inherit;\"><span style=\"vertical-align: inherit;\"><span style=\"vertical-align: inherit;\"><span style=\"vertical-align: inherit;\">Jan de Nul (Dragados Marinos)<\/span><\/span><\/span><\/span><\/li>\n<li><span style=\"vertical-align: inherit;\"><span style=\"vertical-align: inherit;\"><span style=\"vertical-align: inherit;\"><span style=\"vertical-align: inherit;\">ASTALDI SPA<\/span><\/span><\/span><\/span><\/li>\n<li><span style=\"vertical-align: inherit;\"><span style=\"vertical-align: inherit;\"><span style=\"vertical-align: inherit;\"><span style=\"vertical-align: inherit;\">Marino litoral<\/span><\/span><\/span><\/span><\/li>\n<li><span style=\"vertical-align: inherit;\"><span style=\"vertical-align: inherit;\"><span style=\"vertical-align: inherit;\"><span style=\"vertical-align: inherit;\">SOCOCO de Costa Rica<\/span><\/span><\/span><\/span><\/li>\n<li><span style=\"vertical-align: inherit;\"><span style=\"vertical-align: inherit;\"><span style=\"vertical-align: inherit;\"><span style=\"vertical-align: inherit;\">FUNDESULA<\/span><\/span><\/span><\/span><\/li>\n<li><span style=\"vertical-align: inherit;\"><span style=\"vertical-align: inherit;\"><span style=\"vertical-align: inherit;\"><span style=\"vertical-align: inherit;\">CONHSA PAYHSA<\/span><\/span><\/span><\/span><\/li>\n<\/ul>\n<p>[\/vc_column_text][\/vc_column][\/vc_row]<\/p>\n","protected":false},"excerpt":{"rendered":"<p>[vc_row][vc_column width=&#8221;1\/2&#8243; css=&#8221;.vc_custom_1506280433398{border-radius: 1px !important;}&#8221;][vc_empty_space][cms_heading hd_title=&#8221;SECTOR PUBLICO&#8221; cms_template=&#8221;cms_heading&#8211;style2.php&#8221;][vc_empty_space][vc_column_text css_animation=&#8221;fadeIn&#8221;] INSEP (Antes SOPTRAVI) Fondo Cafetero Hondure\u00f1o Fondo Hondure\u00f1o de Inversi\u00f3n Social Comisi\u00f3n del Valle de Sula Fondo Vial Municipalidad de San Pedro Sula Municipalidad de El Progreso Municipalidad de Santa Rita Municipalidad de Tela Fuerzas Armadas de Honduras [\/vc_column_text][\/vc_column][vc_column width=&#8221;1\/2&#8243; css=&#8221;.vc_custom_1506280455786{border-radius: 1px !important;}&#8221;][vc_empty_space][cms_heading hd_title=&#8221;SECTOR PRIVADO&#8221; cms_template=&#8221;cms_heading&#8211;style2.php&#8221;][vc_empty_space][vc_column_text] [&hellip;]<\/p>\n","protected":false},"author":1,"featured_media":0,"parent":0,"menu_order":0,"comment_status":"closed","ping_status":"closed","template":"","meta":{"om_disable_all_campaigns":false},"_links":{"self":[{"href":"https:\/\/cordonheavy.com\/web\/index.php?rest_route=\/wp\/v2\/pages\/2698"}],"collection":[{"href":"https:\/\/cordonheavy.com\/web\/index.php?rest_route=\/wp\/v2\/pages"}],"about":[{"href":"https:\/\/cordonheavy.com\/web\/index.php?rest_route=\/wp\/v2\/types\/page"}],"author":[{"embeddable":true,"href":"https:\/\/cordonheavy.com\/web\/index.php?rest_route=\/wp\/v2\/users\/1"}],"replies":[{"embeddable":true,"href":"https:\/\/cordonheavy.com\/web\/index.php?rest_route=%2Fwp%2Fv2%2Fcomments&post=2698"}],"version-history":[{"count":10,"href":"https:\/\/cordonheavy.com\/web\/index.php?rest_route=\/wp\/v2\/pages\/2698\/revisions"}],"predecessor-version":[{"id":3364,"href":"https:\/\/cordonheavy.com\/web\/index.php?rest_route=\/wp\/v2\/pages\/2698\/revisions\/3364"}],"wp:attachment":[{"href":"https:\/\/cordonheavy.com\/web\/index.php?rest_route=%2Fwp%2Fv2%2Fmedia&parent=2698"}],"curies":[{"name":"wp","href":"https:\/\/api.w.org\/{rel}","templated":true}]}}