{"id":2602,"date":"2017-09-07T15:07:06","date_gmt":"2017-09-07T15:07:06","guid":{"rendered":"http:\/\/cordonheavy.com\/web\/?page_id=2602"},"modified":"2017-09-24T19:44:00","modified_gmt":"2017-09-24T19:44:00","slug":"inicio","status":"publish","type":"page","link":"https:\/\/cordonheavy.com\/web\/","title":{"rendered":"INICIO"},"content":{"rendered":"<p>[vc_row full_width=&#8221;stretch_row_content_no_spaces&#8221; content_placement=&#8221;middle&#8221;][vc_column css_animation=&#8221;fadeIn&#8221; width=&#8221;1\/2&#8243;][vc_empty_space][cms_heading hd_title=&#8221;BIENVENIDO&#8221; hd_description=&#8221;Somos una empresa l\u00edder en construcci\u00f3n y transporte, reconocida por su capacidad, calidad y cumplimiento, utilizando m\u00e9todos innovadores que permitan desarrollar trabajos de mayor calidad y que proporciones un mejor est\u00e1ndar en los trabajos realizados para las empresas que nos contratan.&#8221; cms_template=&#8221;cms_heading&#8211;style5.php&#8221;][vc_empty_space][\/vc_column][vc_column width=&#8221;1\/2&#8243;][vc_empty_space][vc_empty_space][vc_images_carousel images=&#8221;2599,2597&#8243; img_size=&#8221;large&#8221; autoplay=&#8221;yes&#8221; wrap=&#8221;yes&#8221;][\/vc_column][\/vc_row][vc_row][vc_column parallax=&#8221;content-moving-fade&#8221; css_animation=&#8221;flipInX&#8221;][vc_separator][vc_empty_space][vc_empty_space][cms_heading hd_title=&#8221;QUIENES SOMOS&#8221; desc_color=&#8221;#f7f7f7&#8243; cms_template=&#8221;cms_heading&#8211;style1.php&#8221;][vc_empty_space][vc_column_text]Somos una empresa Hondure\u00f1a dedicada al \u00e1rea de la construcci\u00f3n, administraci\u00f3n y manejo de equipo, contamos con un grupo de profesionales hondure\u00f1os con capacidad de poder desarrollar las t\u00e9cnicas para un mejor trabajo.<\/p>\n<p>El objetivo primordial es ofrecer mejores servicios al mercado nacional e internacional que combinen principios de seguridad,eficiencia en costo, calidad, altos est\u00e1ndares y tiempos de ejecuci\u00f3n que se hagan rentables\u00a0a cualquier proyecto de corto, mediano y largo plazo.<\/p>\n<p>Los servicios prestados por nuestra empresa se encuentran respaldados por una amplia experiencia, y capacidad financiera, que nos permite dar seguimiento adecuado a las obras en que nos involucramos de tal modo que las mismas no son detenidas ni por falta de recursos ni por mantenimiento inadecuado del equipo utilizado en las mismas.<\/p>\n<p>Contamos con una estrecha relaci\u00f3n con las compa\u00f1\u00edas proveedoras de equipo, lo que nos permite tener una capacidad de respuesta inmediata a nuestras necesidades ya sea en repuesto o remplazo del equipo.[\/vc_column_text][vc_empty_space][vc_empty_space][vc_separator][\/vc_column][\/vc_row][vc_row][vc_column css_animation=&#8221;fadeInUp&#8221; width=&#8221;1\/3&#8243;][vc_tta_accordion style=&#8221;modern&#8221; active_section=&#8221;1&#8243;][vc_tta_section title=&#8221;MISION&#8221; tab_id=&#8221;1505692875515-e92acacf-f652&#8243;][vc_column_text]Construimos y promovemos trabajos donde se une la innovaci\u00f3n, calidad, personal calificado, trabajo en equipo, servicio y una tecnolog\u00eda de punta para satisfacer las necesidades de nuestros clientes en el mercado de la construcci\u00f3n.[\/vc_column_text][\/vc_tta_section][vc_tta_section title=&#8221;VISION&#8221; tab_id=&#8221;1505692876034-8f255add-8bb5&#8243;][vc_column_text]<\/p>\n<p>Ser una de las empresas l\u00edderes en construcci\u00f3n y transporte, reconocida por su capacidad, calidad y cumplimiento, utilizando m\u00e9todos innovadores que permitan desarrollar trabajos de mayor calidad y que proporcionen un mejor est\u00e1ndar en los trabajos realizados para las empresas que nos contratan.[\/vc_column_text][\/vc_tta_section][\/vc_tta_accordion][\/vc_column][vc_column css_animation=&#8221;fadeInUp&#8221; width=&#8221;1\/3&#8243;][cms_heading hd_title=&#8221;NUESTROS VALORES&#8221; desc_color=&#8221;#f7f7f7&#8243; cms_template=&#8221;cms_heading&#8211;style4.php&#8221;][vc_custom_heading text=&#8221;RESPETO&#8221; font_container=&#8221;tag:h6|text_align:left&#8221; use_theme_fonts=&#8221;yes&#8221;][vc_custom_heading text=&#8221;INTEGRIDAD&#8221; font_container=&#8221;tag:h6|text_align:left&#8221; use_theme_fonts=&#8221;yes&#8221;][vc_custom_heading text=&#8221;LEALTAD&#8221; font_container=&#8221;tag:h6|text_align:left&#8221; use_theme_fonts=&#8221;yes&#8221;][vc_custom_heading text=&#8221;SERVICIO&#8221; font_container=&#8221;tag:h6|text_align:left&#8221; use_theme_fonts=&#8221;yes&#8221;][vc_custom_heading text=&#8221;RESPONSABILIDAD&#8221; font_container=&#8221;tag:h6|text_align:left&#8221; use_theme_fonts=&#8221;yes&#8221;][vc_custom_heading text=&#8221;TRABAJO EN EQUIPO&#8221; font_container=&#8221;tag:h6|text_align:left&#8221; use_theme_fonts=&#8221;yes&#8221;][\/vc_column][vc_column width=&#8221;1\/3&#8243;][vc_images_carousel images=&#8221;2627,2628,2606&#8243; img_size=&#8221;medium&#8221; autoplay=&#8221;yes&#8221; wrap=&#8221;yes&#8221;][\/vc_column][\/vc_row]<\/p>\n","protected":false},"excerpt":{"rendered":"<p>[vc_row full_width=&#8221;stretch_row_content_no_spaces&#8221; content_placement=&#8221;middle&#8221;][vc_column css_animation=&#8221;fadeIn&#8221; width=&#8221;1\/2&#8243;][vc_empty_space][cms_heading hd_title=&#8221;BIENVENIDO&#8221; hd_description=&#8221;Somos una empresa l\u00edder en construcci\u00f3n y transporte, reconocida por su capacidad, calidad y cumplimiento, utilizando m\u00e9todos innovadores que permitan desarrollar trabajos de mayor calidad y que proporciones un mejor est\u00e1ndar en los trabajos realizados para las empresas que nos contratan.&#8221; cms_template=&#8221;cms_heading&#8211;style5.php&#8221;][vc_empty_space][\/vc_column][vc_column width=&#8221;1\/2&#8243;][vc_empty_space][vc_empty_space][vc_images_carousel images=&#8221;2599,2597&#8243; img_size=&#8221;large&#8221; autoplay=&#8221;yes&#8221; wrap=&#8221;yes&#8221;][\/vc_column][\/vc_row][vc_row][vc_column parallax=&#8221;content-moving-fade&#8221; css_animation=&#8221;flipInX&#8221;][vc_separator][vc_empty_space][vc_empty_space][cms_heading [&hellip;]<\/p>\n","protected":false},"author":1,"featured_media":0,"parent":0,"menu_order":0,"comment_status":"closed","ping_status":"closed","template":"","meta":{"om_disable_all_campaigns":false},"_links":{"self":[{"href":"https:\/\/cordonheavy.com\/web\/index.php?rest_route=\/wp\/v2\/pages\/2602"}],"collection":[{"href":"https:\/\/cordonheavy.com\/web\/index.php?rest_route=\/wp\/v2\/pages"}],"about":[{"href":"https:\/\/cordonheavy.com\/web\/index.php?rest_route=\/wp\/v2\/types\/page"}],"author":[{"embeddable":true,"href":"https:\/\/cordonheavy.com\/web\/index.php?rest_route=\/wp\/v2\/users\/1"}],"replies":[{"embeddable":true,"href":"https:\/\/cordonheavy.com\/web\/index.php?rest_route=%2Fwp%2Fv2%2Fcomments&post=2602"}],"version-history":[{"count":68,"href":"https:\/\/cordonheavy.com\/web\/index.php?rest_route=\/wp\/v2\/pages\/2602\/revisions"}],"predecessor-version":[{"id":2688,"href":"https:\/\/cordonheavy.com\/web\/index.php?rest_route=\/wp\/v2\/pages\/2602\/revisions\/2688"}],"wp:attachment":[{"href":"https:\/\/cordonheavy.com\/web\/index.php?rest_route=%2Fwp%2Fv2%2Fmedia&parent=2602"}],"curies":[{"name":"wp","href":"https:\/\/api.w.org\/{rel}","templated":true}]}}